{"id":139,"date":"2020-07-31T06:28:32","date_gmt":"2020-07-31T04:28:32","guid":{"rendered":"http:\/\/localhost\/themedev\/?page_id=3"},"modified":"2024-01-18T12:12:51","modified_gmt":"2024-01-18T11:12:51","slug":"legal_notices","status":"publish","type":"page","link":"https:\/\/www.ap-ind.fr\/en\/legal_notices\/","title":{"rendered":"Legal notices"},"content":{"rendered":"<div data-elementor-type=\"wp-page\" data-elementor-id=\"139\" class=\"elementor elementor-139\">\n\t\t\t\t\t\t<section class=\"elementor-section elementor-top-section elementor-element elementor-element-2e585563 elementor-section-boxed elementor-section-height-default elementor-section-height-default\" data-id=\"2e585563\" data-element_type=\"section\" data-e-type=\"section\">\n\t\t\t\t\t\t<div class=\"elementor-container elementor-column-gap-default\">\n\t\t\t\t\t<div class=\"elementor-column elementor-col-100 elementor-top-column elementor-element elementor-element-3067e671\" data-id=\"3067e671\" data-element_type=\"column\" data-e-type=\"column\">\n\t\t\t<div class=\"elementor-widget-wrap elementor-element-populated\">\n\t\t\t\t\t\t<div class=\"elementor-element elementor-element-1c8bb52b elementor-widget elementor-widget-text-editor\" data-id=\"1c8bb52b\" data-element_type=\"widget\" data-e-type=\"widget\" data-widget_type=\"text-editor.default\">\n\t\t\t\t<div class=\"elementor-widget-container\">\n\t\t\t\t\t\t\t\t\t<p><\/p>\n<h1 class=\"wp-block-heading\">Legal notices<\/h1>\n<h2>Property :<\/h2>\n<p>Company: API \u2013 Aci\u00e9ries de Plo\u00ebrmel Industrie<\/p>\n<p>Num\u00e9ro de SIRET : 981 676 349 00013 <br \/>APE Code: 2452Z<br \/>Intra-community VAT number: FR 31 981.676.349<br \/>Address of correspondence: PA La Lande du Moulin 56800 PLOERMEL CEDEX<br \/>Director of the publication: M. Bertrand HEMERY<\/p>\n<p>\u00a0<\/p>\n<h2>Site hosting :<\/h2>\n<p>Hosting :<\/p>\n<p><a href=\"https:\/\/www.alvaria.fr\">Alvaria<\/a> &#8211; 21 Rue de Bel Orient &#8211; 22600 LOUDEAC<\/p>\n<p><span style=\"font-size: 24px;\">Responsibility<\/span><\/p>\n<p>API \u2013 Aci\u00e9ries de Plo\u00ebrmel Industrie cannot be held responsible for any inconvenience or damage inherent in the use of the Internet network, in particular a break in service, external intrusion or the presence of a computer virus, or any event qualified as main force in accordance with case law.<\/p>\n<p>\u00a0<\/p>\n<h2>Intellectual property<\/h2>\n<p>All elements of the site are protected by copyright, trademark or patent law. Under no circumstances and in no way whatsoever may you reproduce, represent, distribute, modify or grant all or part of any of the elements reproduced on the site and all or part of the site without the prior and express agreement of API \u2013 Aci\u00e9ries de Plo\u00ebrmel Industrie.<\/p>\n<p><\/p>\t\t\t\t\t\t\t\t<\/div>\n\t\t\t\t<\/div>\n\t\t\t\t\t<\/div>\n\t\t<\/div>\n\t\t\t\t\t<\/div>\n\t\t<\/section>\n\t\t\t\t<\/div>","protected":false},"excerpt":{"rendered":"<p>Mentions l\u00e9gales Propri\u00e9t\u00e9 : Entreprise : API &#8211; Aci\u00e9ries de Plo\u00ebrmel Industrie Num\u00e9ro de SIRET : 981 676 349 00013 Code APE : 2452ZNum\u00e9ro de TVA intracommunautaire : FR 31 981.676.349Adresse de correspondance : PA La Lande du Moulin 56800 PLOERMEL CEDEXDirecteur de la publication : M. Bertrand HEMERY \u00a0 H\u00e9bergement du site : H\u00e9bergement : Alvaria &#8211; 21 Rue [&hellip;]<\/p>\n","protected":false},"author":1,"featured_media":0,"parent":0,"menu_order":0,"comment_status":"closed","ping_status":"closed","template":"elementor_header_footer","meta":{"footnotes":""},"class_list":["post-139","page","type-page","status-publish","hentry"],"_links":{"self":[{"href":"https:\/\/www.ap-ind.fr\/en\/wp-json\/wp\/v2\/pages\/139","targetHints":{"allow":["GET"]}}],"collection":[{"href":"https:\/\/www.ap-ind.fr\/en\/wp-json\/wp\/v2\/pages"}],"about":[{"href":"https:\/\/www.ap-ind.fr\/en\/wp-json\/wp\/v2\/types\/page"}],"author":[{"embeddable":true,"href":"https:\/\/www.ap-ind.fr\/en\/wp-json\/wp\/v2\/users\/1"}],"replies":[{"embeddable":true,"href":"https:\/\/www.ap-ind.fr\/en\/wp-json\/wp\/v2\/comments?post=139"}],"version-history":[{"count":26,"href":"https:\/\/www.ap-ind.fr\/en\/wp-json\/wp\/v2\/pages\/139\/revisions"}],"predecessor-version":[{"id":3369,"href":"https:\/\/www.ap-ind.fr\/en\/wp-json\/wp\/v2\/pages\/139\/revisions\/3369"}],"wp:attachment":[{"href":"https:\/\/www.ap-ind.fr\/en\/wp-json\/wp\/v2\/media?parent=139"}],"curies":[{"name":"wp","href":"https:\/\/api.w.org\/{rel}","templated":true}]}}